{"id":1102,"date":"2022-11-03T07:46:17","date_gmt":"2022-11-03T07:46:17","guid":{"rendered":"https:\/\/an-nam.eu\/product\/bun-nem-2\/"},"modified":"2022-11-03T07:46:17","modified_gmt":"2022-11-03T07:46:17","slug":"bun-nem-2","status":"publish","type":"product","link":"https:\/\/an-nam.eu\/de\/product\/bun-nem-2\/","title":{"rendered":"Bun Nem"},"content":{"rendered":"","protected":false},"excerpt":{"rendered":"<p><span class=\"fontstyle0\">Gebackene Fr\u00fchlingsrollen mit gehacktem Schweinefleisch und Gem\u00fcse auf ged\u00e4mpfte Reisnudel, vermengt mit Salat, Kr\u00e4uter, Gurken &amp; Karotten, dazu N\u00fcsse und Limetten-Fisch Vinaigrette.<\/span><\/p>\n","protected":false},"featured_media":870,"comment_status":"open","ping_status":"closed","template":"","meta":[],"product_brand":[],"product_cat":[156],"product_tag":[],"class_list":{"0":"post-1102","1":"product","2":"type-product","3":"status-publish","4":"has-post-thumbnail","6":"product_cat-bun-de","8":"first","9":"instock","10":"shipping-taxable","11":"product-type-simple"},"acf":[],"_links":{"self":[{"href":"https:\/\/an-nam.eu\/de\/wp-json\/wp\/v2\/product\/1102","targetHints":{"allow":["GET"]}}],"collection":[{"href":"https:\/\/an-nam.eu\/de\/wp-json\/wp\/v2\/product"}],"about":[{"href":"https:\/\/an-nam.eu\/de\/wp-json\/wp\/v2\/types\/product"}],"replies":[{"embeddable":true,"href":"https:\/\/an-nam.eu\/de\/wp-json\/wp\/v2\/comments?post=1102"}],"wp:featuredmedia":[{"embeddable":true,"href":"https:\/\/an-nam.eu\/de\/wp-json\/wp\/v2\/media\/870"}],"wp:attachment":[{"href":"https:\/\/an-nam.eu\/de\/wp-json\/wp\/v2\/media?parent=1102"}],"wp:term":[{"taxonomy":"product_brand","embeddable":true,"href":"https:\/\/an-nam.eu\/de\/wp-json\/wp\/v2\/product_brand?post=1102"},{"taxonomy":"product_cat","embeddable":true,"href":"https:\/\/an-nam.eu\/de\/wp-json\/wp\/v2\/product_cat?post=1102"},{"taxonomy":"product_tag","embeddable":true,"href":"https:\/\/an-nam.eu\/de\/wp-json\/wp\/v2\/product_tag?post=1102"}],"curies":[{"name":"wp","href":"https:\/\/api.w.org\/{rel}","templated":true}]}}