{"id":1082,"date":"2022-11-04T04:18:01","date_gmt":"2022-11-04T04:18:01","guid":{"rendered":"https:\/\/an-nam.eu\/product\/pho-bo-mit-rindfleisch\/"},"modified":"2022-11-04T04:18:01","modified_gmt":"2022-11-04T04:18:01","slug":"pho-bo-mit-rindfleisch","status":"publish","type":"product","link":"https:\/\/an-nam.eu\/de\/product\/pho-bo-mit-rindfleisch\/","title":{"rendered":"Pho Bo (Mit Rindfleisch)"},"content":{"rendered":"","protected":false},"excerpt":{"rendered":"<p><span class=\"fontstyle0\">Vietnamesische Nudelsuppe mit Rindfleischstreifen, Lauchzwiebeln, Kr\u00e4utern und Gew\u00fcrzbr\u00fche. Zu den Bel\u00e4gen geh\u00f6ren d\u00fcnn geschnittene fettige Brustst\u00fccke.<\/span><\/p>\n","protected":false},"featured_media":930,"comment_status":"open","ping_status":"closed","template":"","meta":[],"product_brand":[],"product_cat":[154,157],"product_tag":[],"class_list":{"0":"post-1082","1":"product","2":"type-product","3":"status-publish","4":"has-post-thumbnail","6":"product_cat-nudel-de","7":"product_cat-traditionelle-nudelnsuppe-de","9":"first","10":"instock","11":"shipping-taxable","12":"product-type-simple"},"acf":[],"_links":{"self":[{"href":"https:\/\/an-nam.eu\/de\/wp-json\/wp\/v2\/product\/1082","targetHints":{"allow":["GET"]}}],"collection":[{"href":"https:\/\/an-nam.eu\/de\/wp-json\/wp\/v2\/product"}],"about":[{"href":"https:\/\/an-nam.eu\/de\/wp-json\/wp\/v2\/types\/product"}],"replies":[{"embeddable":true,"href":"https:\/\/an-nam.eu\/de\/wp-json\/wp\/v2\/comments?post=1082"}],"wp:featuredmedia":[{"embeddable":true,"href":"https:\/\/an-nam.eu\/de\/wp-json\/wp\/v2\/media\/930"}],"wp:attachment":[{"href":"https:\/\/an-nam.eu\/de\/wp-json\/wp\/v2\/media?parent=1082"}],"wp:term":[{"taxonomy":"product_brand","embeddable":true,"href":"https:\/\/an-nam.eu\/de\/wp-json\/wp\/v2\/product_brand?post=1082"},{"taxonomy":"product_cat","embeddable":true,"href":"https:\/\/an-nam.eu\/de\/wp-json\/wp\/v2\/product_cat?post=1082"},{"taxonomy":"product_tag","embeddable":true,"href":"https:\/\/an-nam.eu\/de\/wp-json\/wp\/v2\/product_tag?post=1082"}],"curies":[{"name":"wp","href":"https:\/\/api.w.org\/{rel}","templated":true}]}}