{"id":1072,"date":"2022-11-07T08:25:47","date_gmt":"2022-11-07T08:25:47","guid":{"rendered":"https:\/\/an-nam.eu\/product\/nem-ran-gion\/"},"modified":"2022-11-22T05:35:12","modified_gmt":"2022-11-22T05:35:12","slug":"nem-ran-gion","status":"publish","type":"product","link":"https:\/\/an-nam.eu\/de\/product\/nem-ran-gion\/","title":{"rendered":"Nem Ran Gion"},"content":{"rendered":"","protected":false},"excerpt":{"rendered":"<p><span class=\"fontstyle0\">Gebratene Fr\u00fchlingsrolllen gef\u00fcllt mit gehacktem Schweinefleisch, Gem\u00fcse, Erdn\u00fcssen und vietnamesichen Kr\u00e4utern.<\/span><\/p>\n","protected":false},"featured_media":825,"comment_status":"open","ping_status":"closed","template":"","meta":[],"product_brand":[],"product_cat":[153],"product_tag":[],"class_list":{"0":"post-1072","1":"product","2":"type-product","3":"status-publish","4":"has-post-thumbnail","6":"product_cat-gebratene-fruhlingsrollen","8":"first","9":"instock","10":"shipping-taxable","11":"product-type-simple"},"acf":[],"_links":{"self":[{"href":"https:\/\/an-nam.eu\/de\/wp-json\/wp\/v2\/product\/1072","targetHints":{"allow":["GET"]}}],"collection":[{"href":"https:\/\/an-nam.eu\/de\/wp-json\/wp\/v2\/product"}],"about":[{"href":"https:\/\/an-nam.eu\/de\/wp-json\/wp\/v2\/types\/product"}],"replies":[{"embeddable":true,"href":"https:\/\/an-nam.eu\/de\/wp-json\/wp\/v2\/comments?post=1072"}],"wp:featuredmedia":[{"embeddable":true,"href":"https:\/\/an-nam.eu\/de\/wp-json\/wp\/v2\/media\/825"}],"wp:attachment":[{"href":"https:\/\/an-nam.eu\/de\/wp-json\/wp\/v2\/media?parent=1072"}],"wp:term":[{"taxonomy":"product_brand","embeddable":true,"href":"https:\/\/an-nam.eu\/de\/wp-json\/wp\/v2\/product_brand?post=1072"},{"taxonomy":"product_cat","embeddable":true,"href":"https:\/\/an-nam.eu\/de\/wp-json\/wp\/v2\/product_cat?post=1072"},{"taxonomy":"product_tag","embeddable":true,"href":"https:\/\/an-nam.eu\/de\/wp-json\/wp\/v2\/product_tag?post=1072"}],"curies":[{"name":"wp","href":"https:\/\/api.w.org\/{rel}","templated":true}]}}