{"id":1114,"date":"2022-08-31T03:21:09","date_gmt":"2022-08-31T03:21:09","guid":{"rendered":"https:\/\/an-nam.eu\/product\/bun-bo-nam-bo\/"},"modified":"2022-08-31T03:21:09","modified_gmt":"2022-08-31T03:21:09","slug":"bun-bo-nam-bo","status":"publish","type":"product","link":"http:\/\/an-nam.eu\/de\/product\/bun-bo-nam-bo\/","title":{"rendered":"Bun Bo Nam Bo"},"content":{"rendered":"<p><span class=\"fontstyle0\">Leckere Teigtaschen mit w\u00fcrziger H\u00fchner Fleischf\u00fcllung aromatischer H\u00fchnerbr\u00fche, Brokkoli, Chinakohl und Lauchzwiebeln.<\/span><\/p>\n<p>Quand j&#8217;\u00e9tais \u00e0 la maison, j&#8217;aimais beaucoup ce plat. Parfois, vous n&#8217;avez pas besoin de manger des nouilles, juste un bol de boulettes avec un peu de viande et de foie, vous vous sentirez tr\u00e8s heureux. Surtout en hiver quand il fait froid, assis et sirotant une soupe sucr\u00e9e, voyant les gens se r\u00e9chauffer, la sensation est tr\u00e8s agr\u00e9able et&#8230; &#8222;d\u00e9j\u00e0&#8220;.<\/p>\n<p>Mais depuis son arriv\u00e9e de ce c\u00f4t\u00e9, c&#8217;est consid\u00e9r\u00e9 comme une &#8222;prudence&#8220; des nouilles \u00e0 l&#8217;encens. La raison principale est la peur de faire. Un bol complet de nouilles contient 7 \u00e0 8 choses diff\u00e9rentes, qui sont des wontons bouillis, des wontons frits, puis de la viande de char siu, du foie, des \u0153ufs\u2026 juste un peu de chacun, mais au total\u2026 beaucoup. J&#8217;ai donc attendu une \u00e9ternit\u00e9\u2026 si longtemps\u2026 si longtemps\u2026 que j&#8217;ai presque oubli\u00e9 le go\u00fbt des nouilles \u00e0 l&#8217;encens avant d&#8217;avoir assez de d\u00e9termination pour les cuisiner moi-m\u00eame.<\/p>\n<p>Mais c&#8217;est une perte de temps, mais ce n&#8217;est pas trop mal apr\u00e8s la cuisson. Parce que le wonton peut \u00eatre fait beaucoup pour le cong\u00e9lateur \u00e0 manger progressivement, le char siu peut \u00eatre fait beaucoup \u00e0 manger avec du riz, du bouillon de nouilles, si vous n&#8217;aimez pas manger des nouilles, vous pouvez l&#8217;apporter pour faire cuire de la soupe. Alors en fait, pour les personnes qui vivent seules comme moi, faire des nouilles wonton est tr\u00e8s pratique car une fois le pot de nouilles termin\u00e9, il y a assez de nourriture pour toute la semaine \ud83d\ude00 Et si la maison est bond\u00e9e, faire ce plat sera s\u00fbrement amusant , chacun a son propre repas. un bras, une jambe, bien assez t\u00f4t. Mais une fois que vous avez termin\u00e9, vous ne voudrez plus vendre car les nouilles faites maison sont bon march\u00e9, hygi\u00e9niques, d\u00e9licieuses et &#8222;de qualit\u00e9&#8220; en plus.<\/p>\n<p><span class=\"fontstyle0\"> <\/span><\/p>\n","protected":false},"excerpt":{"rendered":"<p><span class=\"fontstyle0\">Reisnudeln mit gebratenen Rindfleischstreifen, Salat, Erdn\u00fcssen, Kr\u00e4utern und hausgemachtem Soja-Dressing<br \/>\n<\/span><span class=\"fontstyle3\">Allergie:<br \/>\n<\/span><span class=\"fontstyle1\">&#8211; Erdnuss, Rindfleisch<\/span><br \/>\n<\/span><\/p>\n","protected":false},"featured_media":904,"comment_status":"open","ping_status":"closed","template":"","meta":[],"product_brand":[],"product_cat":[134],"product_tag":[],"class_list":{"0":"post-1114","1":"product","2":"type-product","3":"status-publish","4":"has-post-thumbnail","6":"product_cat-bun","8":"first","9":"instock","10":"shipping-taxable","11":"product-type-simple"},"acf":[],"_links":{"self":[{"href":"http:\/\/an-nam.eu\/de\/wp-json\/wp\/v2\/product\/1114","targetHints":{"allow":["GET"]}}],"collection":[{"href":"http:\/\/an-nam.eu\/de\/wp-json\/wp\/v2\/product"}],"about":[{"href":"http:\/\/an-nam.eu\/de\/wp-json\/wp\/v2\/types\/product"}],"replies":[{"embeddable":true,"href":"http:\/\/an-nam.eu\/de\/wp-json\/wp\/v2\/comments?post=1114"}],"wp:featuredmedia":[{"embeddable":true,"href":"http:\/\/an-nam.eu\/de\/wp-json\/wp\/v2\/media\/904"}],"wp:attachment":[{"href":"http:\/\/an-nam.eu\/de\/wp-json\/wp\/v2\/media?parent=1114"}],"wp:term":[{"taxonomy":"product_brand","embeddable":true,"href":"http:\/\/an-nam.eu\/de\/wp-json\/wp\/v2\/product_brand?post=1114"},{"taxonomy":"product_cat","embeddable":true,"href":"http:\/\/an-nam.eu\/de\/wp-json\/wp\/v2\/product_cat?post=1114"},{"taxonomy":"product_tag","embeddable":true,"href":"http:\/\/an-nam.eu\/de\/wp-json\/wp\/v2\/product_tag?post=1114"}],"curies":[{"name":"wp","href":"https:\/\/api.w.org\/{rel}","templated":true}]}}