{"id":1097,"date":"2022-11-03T08:17:35","date_gmt":"2022-11-03T08:17:35","guid":{"rendered":"https:\/\/an-nam.eu\/product\/ga-mango-2\/"},"modified":"2022-11-22T06:26:05","modified_gmt":"2022-11-22T06:26:05","slug":"ga-mango-2","status":"publish","type":"product","link":"http:\/\/an-nam.eu\/de\/product\/ga-mango-2\/","title":{"rendered":"Ga Mango"},"content":{"rendered":"","protected":false},"excerpt":{"rendered":"<p><span class=\"fontstyle0\">Gebratenes H\u00fchnerfleisch mit Mango Sauce, Gem\u00fcse, frischer Mango, Salat und Erdn\u00fcssen. Reis als Beilage.<\/span><br \/>\n<span class=\"fontstyle3\">Allergie : Erdnuss<\/span><\/p>\n","protected":false},"featured_media":884,"comment_status":"open","ping_status":"closed","template":"","meta":[],"product_brand":[],"product_cat":[126],"product_tag":[],"class_list":{"0":"post-1097","1":"product","2":"type-product","3":"status-publish","4":"has-post-thumbnail","6":"product_cat-ga-huhner","8":"first","9":"instock","10":"shipping-taxable","11":"product-type-simple"},"acf":[],"_links":{"self":[{"href":"http:\/\/an-nam.eu\/de\/wp-json\/wp\/v2\/product\/1097","targetHints":{"allow":["GET"]}}],"collection":[{"href":"http:\/\/an-nam.eu\/de\/wp-json\/wp\/v2\/product"}],"about":[{"href":"http:\/\/an-nam.eu\/de\/wp-json\/wp\/v2\/types\/product"}],"replies":[{"embeddable":true,"href":"http:\/\/an-nam.eu\/de\/wp-json\/wp\/v2\/comments?post=1097"}],"wp:featuredmedia":[{"embeddable":true,"href":"http:\/\/an-nam.eu\/de\/wp-json\/wp\/v2\/media\/884"}],"wp:attachment":[{"href":"http:\/\/an-nam.eu\/de\/wp-json\/wp\/v2\/media?parent=1097"}],"wp:term":[{"taxonomy":"product_brand","embeddable":true,"href":"http:\/\/an-nam.eu\/de\/wp-json\/wp\/v2\/product_brand?post=1097"},{"taxonomy":"product_cat","embeddable":true,"href":"http:\/\/an-nam.eu\/de\/wp-json\/wp\/v2\/product_cat?post=1097"},{"taxonomy":"product_tag","embeddable":true,"href":"http:\/\/an-nam.eu\/de\/wp-json\/wp\/v2\/product_tag?post=1097"}],"curies":[{"name":"wp","href":"https:\/\/api.w.org\/{rel}","templated":true}]}}