{"id":1088,"date":"2022-11-04T03:43:17","date_gmt":"2022-11-04T03:43:17","guid":{"rendered":"https:\/\/an-nam.eu\/product\/pho-xao-thit-ga-2\/"},"modified":"2022-11-22T05:58:04","modified_gmt":"2022-11-22T05:58:04","slug":"pho-xao-thit-ga-2","status":"publish","type":"product","link":"http:\/\/an-nam.eu\/de\/product\/pho-xao-thit-ga-2\/","title":{"rendered":"Pho Xao Thit Ga"},"content":{"rendered":"","protected":false},"excerpt":{"rendered":"<p><span class=\"fontstyle0\">Feste gebratene Ph\u1edf-Nudeln. Gebratene Reisbandnudeln mit H\u00fchnerfleisch, Ingwer, M\u00f6hren, Zwiebeln, Erdn\u00fcssen und verschiedenen Gem\u00fcsesorten.<\/span><\/p>\n","protected":false},"featured_media":919,"comment_status":"open","ping_status":"closed","template":"","meta":[],"product_brand":[],"product_cat":[131,132],"product_tag":[],"class_list":{"0":"post-1088","1":"product","2":"type-product","3":"status-publish","4":"has-post-thumbnail","6":"product_cat-nudel","7":"product_cat-pho-xao","9":"first","10":"instock","11":"shipping-taxable","12":"product-type-simple"},"acf":[],"_links":{"self":[{"href":"http:\/\/an-nam.eu\/de\/wp-json\/wp\/v2\/product\/1088","targetHints":{"allow":["GET"]}}],"collection":[{"href":"http:\/\/an-nam.eu\/de\/wp-json\/wp\/v2\/product"}],"about":[{"href":"http:\/\/an-nam.eu\/de\/wp-json\/wp\/v2\/types\/product"}],"replies":[{"embeddable":true,"href":"http:\/\/an-nam.eu\/de\/wp-json\/wp\/v2\/comments?post=1088"}],"wp:featuredmedia":[{"embeddable":true,"href":"http:\/\/an-nam.eu\/de\/wp-json\/wp\/v2\/media\/919"}],"wp:attachment":[{"href":"http:\/\/an-nam.eu\/de\/wp-json\/wp\/v2\/media?parent=1088"}],"wp:term":[{"taxonomy":"product_brand","embeddable":true,"href":"http:\/\/an-nam.eu\/de\/wp-json\/wp\/v2\/product_brand?post=1088"},{"taxonomy":"product_cat","embeddable":true,"href":"http:\/\/an-nam.eu\/de\/wp-json\/wp\/v2\/product_cat?post=1088"},{"taxonomy":"product_tag","embeddable":true,"href":"http:\/\/an-nam.eu\/de\/wp-json\/wp\/v2\/product_tag?post=1088"}],"curies":[{"name":"wp","href":"https:\/\/api.w.org\/{rel}","templated":true}]}}