{"id":1086,"date":"2022-11-04T03:49:24","date_gmt":"2022-11-04T03:49:24","guid":{"rendered":"https:\/\/an-nam.eu\/product\/pho-ga-mit-huehnerfleisch\/"},"modified":"2022-11-04T03:49:24","modified_gmt":"2022-11-04T03:49:24","slug":"pho-ga-mit-huehnerfleisch","status":"publish","type":"product","link":"http:\/\/an-nam.eu\/de\/product\/pho-ga-mit-huehnerfleisch\/","title":{"rendered":"Pho Ga (Mit H\u00fchnerfleisch)"},"content":{"rendered":"","protected":false},"excerpt":{"rendered":"<p><span class=\"fontstyle0\">Reine gesunde G\u00fcte. Vietnamesische Nudelsuppe mit zartem H\u00fchnerfleisch, Lauchzwiebeln, Kr\u00e4utern und Gew\u00fcrzbr\u00fche.<br \/>\n<\/span> <span class=\"fontstyle3\">Allergens:<br \/>\n<\/span><span class=\"fontstyle1\">&#8211; Ga<\/span><br \/>\n<\/span><\/p>\n","protected":false},"featured_media":923,"comment_status":"open","ping_status":"closed","template":"","meta":[],"product_brand":[],"product_cat":[131,135],"product_tag":[],"class_list":{"0":"post-1086","1":"product","2":"type-product","3":"status-publish","4":"has-post-thumbnail","6":"product_cat-nudel","7":"product_cat-traditionelle-nudelnsuppe","9":"first","10":"instock","11":"shipping-taxable","12":"product-type-simple"},"acf":[],"_links":{"self":[{"href":"http:\/\/an-nam.eu\/de\/wp-json\/wp\/v2\/product\/1086","targetHints":{"allow":["GET"]}}],"collection":[{"href":"http:\/\/an-nam.eu\/de\/wp-json\/wp\/v2\/product"}],"about":[{"href":"http:\/\/an-nam.eu\/de\/wp-json\/wp\/v2\/types\/product"}],"replies":[{"embeddable":true,"href":"http:\/\/an-nam.eu\/de\/wp-json\/wp\/v2\/comments?post=1086"}],"wp:featuredmedia":[{"embeddable":true,"href":"http:\/\/an-nam.eu\/de\/wp-json\/wp\/v2\/media\/923"}],"wp:attachment":[{"href":"http:\/\/an-nam.eu\/de\/wp-json\/wp\/v2\/media?parent=1086"}],"wp:term":[{"taxonomy":"product_brand","embeddable":true,"href":"http:\/\/an-nam.eu\/de\/wp-json\/wp\/v2\/product_brand?post=1086"},{"taxonomy":"product_cat","embeddable":true,"href":"http:\/\/an-nam.eu\/de\/wp-json\/wp\/v2\/product_cat?post=1086"},{"taxonomy":"product_tag","embeddable":true,"href":"http:\/\/an-nam.eu\/de\/wp-json\/wp\/v2\/product_tag?post=1086"}],"curies":[{"name":"wp","href":"https:\/\/api.w.org\/{rel}","templated":true}]}}